{"id":11,"date":"2013-11-21T18:09:51","date_gmt":"2013-11-21T18:09:51","guid":{"rendered":"http:\/\/www.maqueapolpas.com.br\/site\/?page_id=11"},"modified":"2022-11-03T15:26:57","modified_gmt":"2022-11-03T18:26:57","slug":"maquea-polpas-o-melhor-da-polpa-de-frutas-100-natural","status":"publish","type":"page","link":"https:\/\/www.maqueapolpas.com.br\/site\/","title":{"rendered":"Maquea Polpas &#8211; O melhor da polpa de frutas! 100% Natural"},"content":{"rendered":"<div style=\"margin: 0; height: 0; font-size: 0; padding: 0; line-height: 0; color: transparent;\">\n<p>Polpa de frutas \u00e9 com a Maquea Polpas, a melhor polpa de frutas, 100% natural. Polpas com alto padr\u00e3o de qualidade, produzidas com frutas selecionadas, mantendo efici\u00eancia desde o plantio at\u00e9 a embalagem final.<\/p>\n<p>A Maquea Polpas investe com responsabilidade no desenvolvimento social e auto-sustent\u00e1vel. Mantemos uma parceria com nossos clientes, valorizando a fruticultura da regi\u00e3o e oportunizando a melhoria da qualidade de vida para pequenos agricultores.<\/p>\n<p>Temos um compromisso permanente com o Meio Ambiente. Preservamos uma \u00e1rea de 70 mil metros quadrados, com 5 mil \u00e1rvores, lagos e frutas nativas.<\/p>\n<p>A Maquea Polpas investe com responsabilidade no desenvolvimento social e auto-sustent\u00e1vel. Mantemos uma parceria com nossos clientes, valorizando a fruticultura da regi\u00e3o e oportunizando a melhoria da qualidade de vida para pequenos agricultores.<\/p>\n<p>Temos um compromisso permanente com o Meio Ambiente. Preservamos uma \u00e1rea de 70 mil metros quadrados, com 5 mil \u00e1rvores, lagos e frutas nativas.<\/p>\n<p>A Maquea Polpas investe com responsabilidade no desenvolvimento social e auto-sustent\u00e1vel. Mantemos uma parceria com nossos clientes, valorizando a fruticultura da regi\u00e3o e oportunizando a melhoria da qualidade de vida para pequenos agricultores.<\/p>\n<p>Temos um compromisso permanente com o Meio Ambiente. Preservamos uma \u00e1rea de 70 mil metros quadrados, com 5 mil \u00e1rvores, lagos e frutas nativas.<\/p>\n<\/div>\n","protected":false},"excerpt":{"rendered":"<p>Polpa de frutas \u00e9 com a Maquea Polpas, a melhor polpa de frutas, 100% natural. Polpas com alto padr\u00e3o de qualidade, produzidas com frutas selecionadas, mantendo [&hellip;]<\/p>\n","protected":false},"author":1,"featured_media":0,"parent":0,"menu_order":0,"comment_status":"open","ping_status":"open","template":"","meta":{"footnotes":""},"yoast_head":"<!-- This site is optimized with the Yoast SEO plugin v21.5 - https:\/\/yoast.com\/wordpress\/plugins\/seo\/ -->\n<title>Maquea Polpas - O melhor da polpa de frutas! 100% Natural<\/title>\n<meta name=\"description\" content=\"Polpa de frutas \u00e9 com a Maquea Polpas, a melhor polpa de frutas, 100% natural. Polpas com alto padr\u00e3o de qualidade, produzidas com frutas selecionadas, mantendo efici\u00eancia desde o plantio at\u00e9 a embalagem final.\" \/>\n<meta name=\"robots\" content=\"index, follow, max-snippet:-1, max-image-preview:large, max-video-preview:-1\" \/>\n<link rel=\"canonical\" href=\"https:\/\/www.maqueapolpas.com.br\/site\/\" \/>\n<meta property=\"og:locale\" content=\"pt_BR\" \/>\n<meta property=\"og:type\" content=\"article\" \/>\n<meta property=\"og:title\" content=\"Maquea Polpas - O melhor da polpa de frutas! 100% Natural\" \/>\n<meta property=\"og:description\" content=\"Polpa de frutas \u00e9 com a Maquea Polpas, a melhor polpa de frutas, 100% natural. Polpas com alto padr\u00e3o de qualidade, produzidas com frutas selecionadas, mantendo efici\u00eancia desde o plantio at\u00e9 a embalagem final.\" \/>\n<meta property=\"og:url\" content=\"https:\/\/www.maqueapolpas.com.br\/site\/\" \/>\n<meta property=\"og:site_name\" content=\"Maquea Polpas\" \/>\n<meta property=\"article:modified_time\" content=\"2022-11-03T18:26:57+00:00\" \/>\n<meta name=\"twitter:card\" content=\"summary_large_image\" \/>\n<meta name=\"twitter:label1\" content=\"Est. tempo de leitura\" \/>\n\t<meta name=\"twitter:data1\" content=\"2 minutos\" \/>\n<script type=\"application\/ld+json\" class=\"yoast-schema-graph\">{\"@context\":\"https:\/\/schema.org\",\"@graph\":[{\"@type\":\"WebPage\",\"@id\":\"https:\/\/www.maqueapolpas.com.br\/site\/\",\"url\":\"https:\/\/www.maqueapolpas.com.br\/site\/\",\"name\":\"Maquea Polpas - O melhor da polpa de frutas! 100% Natural\",\"isPartOf\":{\"@id\":\"https:\/\/www.maqueapolpas.com.br\/site\/#website\"},\"datePublished\":\"2013-11-21T18:09:51+00:00\",\"dateModified\":\"2022-11-03T18:26:57+00:00\",\"description\":\"Polpa de frutas \u00e9 com a Maquea Polpas, a melhor polpa de frutas, 100% natural. Polpas com alto padr\u00e3o de qualidade, produzidas com frutas selecionadas, mantendo efici\u00eancia desde o plantio at\u00e9 a embalagem final.\",\"breadcrumb\":{\"@id\":\"https:\/\/www.maqueapolpas.com.br\/site\/#breadcrumb\"},\"inLanguage\":\"pt-BR\",\"potentialAction\":[{\"@type\":\"ReadAction\",\"target\":[\"https:\/\/www.maqueapolpas.com.br\/site\/\"]}]},{\"@type\":\"BreadcrumbList\",\"@id\":\"https:\/\/www.maqueapolpas.com.br\/site\/#breadcrumb\",\"itemListElement\":[{\"@type\":\"ListItem\",\"position\":1,\"name\":\"In\u00edcio\",\"item\":\"https:\/\/www.maqueapolpas.com.br\/site\/\"},{\"@type\":\"ListItem\",\"position\":2,\"name\":\"Maquea Polpas &#8211; O melhor da polpa de frutas! 100% Natural\"}]},{\"@type\":\"WebSite\",\"@id\":\"https:\/\/www.maqueapolpas.com.br\/site\/#website\",\"url\":\"https:\/\/www.maqueapolpas.com.br\/site\/\",\"name\":\"Maquea Polpas\",\"description\":\"O melhor da polpa de frutas!\",\"potentialAction\":[{\"@type\":\"SearchAction\",\"target\":{\"@type\":\"EntryPoint\",\"urlTemplate\":\"https:\/\/www.maqueapolpas.com.br\/site\/?s={search_term_string}\"},\"query-input\":\"required name=search_term_string\"}],\"inLanguage\":\"pt-BR\"}]}<\/script>\n<!-- \/ Yoast SEO plugin. -->","yoast_head_json":{"title":"Maquea Polpas - O melhor da polpa de frutas! 100% Natural","description":"Polpa de frutas \u00e9 com a Maquea Polpas, a melhor polpa de frutas, 100% natural. Polpas com alto padr\u00e3o de qualidade, produzidas com frutas selecionadas, mantendo efici\u00eancia desde o plantio at\u00e9 a embalagem final.","robots":{"index":"index","follow":"follow","max-snippet":"max-snippet:-1","max-image-preview":"max-image-preview:large","max-video-preview":"max-video-preview:-1"},"canonical":"https:\/\/www.maqueapolpas.com.br\/site\/","og_locale":"pt_BR","og_type":"article","og_title":"Maquea Polpas - O melhor da polpa de frutas! 100% Natural","og_description":"Polpa de frutas \u00e9 com a Maquea Polpas, a melhor polpa de frutas, 100% natural. Polpas com alto padr\u00e3o de qualidade, produzidas com frutas selecionadas, mantendo efici\u00eancia desde o plantio at\u00e9 a embalagem final.","og_url":"https:\/\/www.maqueapolpas.com.br\/site\/","og_site_name":"Maquea Polpas","article_modified_time":"2022-11-03T18:26:57+00:00","twitter_card":"summary_large_image","twitter_misc":{"Est. tempo de leitura":"2 minutos"},"schema":{"@context":"https:\/\/schema.org","@graph":[{"@type":"WebPage","@id":"https:\/\/www.maqueapolpas.com.br\/site\/","url":"https:\/\/www.maqueapolpas.com.br\/site\/","name":"Maquea Polpas - O melhor da polpa de frutas! 100% Natural","isPartOf":{"@id":"https:\/\/www.maqueapolpas.com.br\/site\/#website"},"datePublished":"2013-11-21T18:09:51+00:00","dateModified":"2022-11-03T18:26:57+00:00","description":"Polpa de frutas \u00e9 com a Maquea Polpas, a melhor polpa de frutas, 100% natural. Polpas com alto padr\u00e3o de qualidade, produzidas com frutas selecionadas, mantendo efici\u00eancia desde o plantio at\u00e9 a embalagem final.","breadcrumb":{"@id":"https:\/\/www.maqueapolpas.com.br\/site\/#breadcrumb"},"inLanguage":"pt-BR","potentialAction":[{"@type":"ReadAction","target":["https:\/\/www.maqueapolpas.com.br\/site\/"]}]},{"@type":"BreadcrumbList","@id":"https:\/\/www.maqueapolpas.com.br\/site\/#breadcrumb","itemListElement":[{"@type":"ListItem","position":1,"name":"In\u00edcio","item":"https:\/\/www.maqueapolpas.com.br\/site\/"},{"@type":"ListItem","position":2,"name":"Maquea Polpas &#8211; O melhor da polpa de frutas! 100% Natural"}]},{"@type":"WebSite","@id":"https:\/\/www.maqueapolpas.com.br\/site\/#website","url":"https:\/\/www.maqueapolpas.com.br\/site\/","name":"Maquea Polpas","description":"O melhor da polpa de frutas!","potentialAction":[{"@type":"SearchAction","target":{"@type":"EntryPoint","urlTemplate":"https:\/\/www.maqueapolpas.com.br\/site\/?s={search_term_string}"},"query-input":"required name=search_term_string"}],"inLanguage":"pt-BR"}]}},"_links":{"self":[{"href":"https:\/\/www.maqueapolpas.com.br\/site\/wp-json\/wp\/v2\/pages\/11"}],"collection":[{"href":"https:\/\/www.maqueapolpas.com.br\/site\/wp-json\/wp\/v2\/pages"}],"about":[{"href":"https:\/\/www.maqueapolpas.com.br\/site\/wp-json\/wp\/v2\/types\/page"}],"author":[{"embeddable":true,"href":"https:\/\/www.maqueapolpas.com.br\/site\/wp-json\/wp\/v2\/users\/1"}],"replies":[{"embeddable":true,"href":"https:\/\/www.maqueapolpas.com.br\/site\/wp-json\/wp\/v2\/comments?post=11"}],"version-history":[{"count":6,"href":"https:\/\/www.maqueapolpas.com.br\/site\/wp-json\/wp\/v2\/pages\/11\/revisions"}],"predecessor-version":[{"id":303,"href":"https:\/\/www.maqueapolpas.com.br\/site\/wp-json\/wp\/v2\/pages\/11\/revisions\/303"}],"wp:attachment":[{"href":"https:\/\/www.maqueapolpas.com.br\/site\/wp-json\/wp\/v2\/media?parent=11"}],"curies":[{"name":"wp","href":"https:\/\/api.w.org\/{rel}","templated":true}]}}