{"id":14,"date":"2013-11-21T18:20:36","date_gmt":"2013-11-21T18:20:36","guid":{"rendered":"http:\/\/www.maqueapolpas.com.br\/site\/?page_id=14"},"modified":"2013-11-25T13:59:15","modified_gmt":"2013-11-25T16:59:15","slug":"trabalhe-conosco","status":"publish","type":"page","link":"https:\/\/www.maqueapolpas.com.br\/site\/trabalhe-conosco\/","title":{"rendered":"Trabalhe Conosco"},"content":{"rendered":"<p><a href=\"http:\/\/www.maqueapolpas.com.br\/site\/wp-content\/uploads\/2013\/11\/maquea_polpas_trabalhe_conoscol.png\"><img decoding=\"async\" loading=\"lazy\" class=\"aligncenter size-full wp-image-130\" alt=\"maquea_polpas_trabalhe_conoscol\" src=\"http:\/\/www.maqueapolpas.com.br\/site\/wp-content\/uploads\/2013\/11\/maquea_polpas_trabalhe_conoscol.png\" width=\"1175\" height=\"116\" srcset=\"https:\/\/www.maqueapolpas.com.br\/site\/wp-content\/uploads\/2013\/11\/maquea_polpas_trabalhe_conoscol.png 1175w, https:\/\/www.maqueapolpas.com.br\/site\/wp-content\/uploads\/2013\/11\/maquea_polpas_trabalhe_conoscol-300x30.png 300w, https:\/\/www.maqueapolpas.com.br\/site\/wp-content\/uploads\/2013\/11\/maquea_polpas_trabalhe_conoscol-260x26.png 260w\" sizes=\"(max-width: 1175px) 100vw, 1175px\" \/><\/a><\/p>\n<p>* Envie sua solicita\u00e7\u00e3o diretamente ao RH da Maquea Polpas.<\/p>\n<h5>Preencha o formul\u00e1rio, anexe seu curriculum vitae nos tipos doc, docx ou pdf e envie sua solicita\u00e7\u00e3o de trabalho:<\/h5>\n\n<div class=\"wpcf7 no-js\" id=\"wpcf7-f16-o1\" lang=\"pt-BR\" dir=\"ltr\">\n<div class=\"screen-reader-response\"><p role=\"status\" aria-live=\"polite\" aria-atomic=\"true\"><\/p> <ul><\/ul><\/div>\n<form action=\"\/site\/wp-json\/wp\/v2\/pages\/14#wpcf7-f16-o1\" method=\"post\" class=\"wpcf7-form init\" aria-label=\"Formul\u00e1rios de contato\" enctype=\"multipart\/form-data\" novalidate=\"novalidate\" data-status=\"init\">\n<div style=\"display: none;\">\n<input type=\"hidden\" name=\"_wpcf7\" value=\"16\" \/>\n<input type=\"hidden\" name=\"_wpcf7_version\" value=\"5.7.3\" \/>\n<input type=\"hidden\" name=\"_wpcf7_locale\" value=\"pt_BR\" \/>\n<input type=\"hidden\" name=\"_wpcf7_unit_tag\" value=\"wpcf7-f16-o1\" \/>\n<input type=\"hidden\" name=\"_wpcf7_container_post\" value=\"0\" \/>\n<input type=\"hidden\" name=\"_wpcf7_posted_data_hash\" value=\"\" \/>\n<input type=\"hidden\" name=\"_wpcf7_recaptcha_response\" value=\"\" \/>\n<\/div>\n<p><b>Nome*:<\/b><span class=\"wpcf7-form-control-wrap\" data-name=\"your-name\"><input size=\"90\" maxlength=\"90\" class=\"wpcf7-form-control wpcf7-text wpcf7-validates-as-required textfield\" aria-required=\"true\" aria-invalid=\"false\" value=\"\" type=\"text\" name=\"your-name\" \/><\/span>\n<\/p>\n<p><b>Email*:<\/b><span class=\"wpcf7-form-control-wrap\" data-name=\"your-email\"><input size=\"90\" maxlength=\"90\" class=\"wpcf7-form-control wpcf7-text wpcf7-email wpcf7-validates-as-required wpcf7-validates-as-email textfield\" aria-required=\"true\" aria-invalid=\"false\" value=\"\" type=\"email\" name=\"your-email\" \/><\/span>\n<\/p>\n<p><b>Telefone*:<\/b><br \/>\n<span class=\"wpcf7-form-control-wrap\" data-name=\"fone\"><input size=\"40\" class=\"wpcf7-form-control wpcf7-text wpcf7-validates-as-required textfield\" aria-required=\"true\" aria-invalid=\"false\" placeholder=\"(00) 0000-0000\" value=\"\" type=\"text\" name=\"fone\" \/><\/span>\n<\/p>\n<p><b>Anexar curriculo (doc, docx ou pdf)*:<\/b><br \/>\n<span class=\"wpcf7-form-control-wrap\" data-name=\"curriculum\"><input size=\"40\" class=\"wpcf7-form-control wpcf7-file wpcf7-validates-as-required\" accept=\".doc,.docx,.pdf\" aria-required=\"true\" aria-invalid=\"false\" type=\"file\" name=\"curriculum\" \/><\/span>\n<\/p>\n<span class=\"wpcf7-form-control-wrap recaptcha\" data-name=\"recaptcha\"><span data-sitekey=\"6LdmtSMUAAAAAFBc7_hPOzSC7ulRgpwYOo-_2Br5\" class=\"wpcf7-form-control g-recaptcha wpcf7-recaptcha\"><\/span>\r\n<noscript>\r\n\t<div class=\"grecaptcha-noscript\">\r\n\t\t<iframe src=\"https:\/\/www.google.com\/recaptcha\/api\/fallback?k=6LdmtSMUAAAAAFBc7_hPOzSC7ulRgpwYOo-_2Br5\" frameborder=\"0\" scrolling=\"no\" width=\"310\" height=\"430\">\r\n\t\t<\/iframe>\r\n\t\t<textarea name=\"g-recaptcha-response\" rows=\"3\" cols=\"40\" placeholder=\"reCaptcha Response Here\">\r\n\t\t<\/textarea>\r\n\t<\/div>\r\n<\/noscript>\r\n<\/span>\n<p><input class=\"wpcf7-form-control has-spinner wpcf7-submit\" type=\"submit\" value=\"Enviar Informa\u00e7\u00f5es \u00bb\" \/>\n<\/p><div class=\"wpcf7-response-output\" aria-hidden=\"true\"><\/div>\n<\/form>\n<\/div>\n\n","protected":false},"excerpt":{"rendered":"<p>* Envie sua solicita\u00e7\u00e3o diretamente ao RH da Maquea Polpas. Preencha o formul\u00e1rio, anexe seu curriculum vitae nos tipos doc, docx ou pdf e envie sua [&hellip;]<\/p>\n","protected":false},"author":1,"featured_media":0,"parent":0,"menu_order":0,"comment_status":"open","ping_status":"open","template":"","meta":{"footnotes":""},"yoast_head":"<!-- This site is optimized with the Yoast SEO plugin v21.5 - https:\/\/yoast.com\/wordpress\/plugins\/seo\/ -->\n<title>Trabalhe Conosco - Maquea Polpas<\/title>\n<meta name=\"robots\" content=\"index, follow, max-snippet:-1, max-image-preview:large, max-video-preview:-1\" \/>\n<link rel=\"canonical\" href=\"https:\/\/www.maqueapolpas.com.br\/site\/trabalhe-conosco\/\" \/>\n<meta property=\"og:locale\" content=\"pt_BR\" \/>\n<meta property=\"og:type\" content=\"article\" \/>\n<meta property=\"og:title\" content=\"Trabalhe Conosco - Maquea Polpas\" \/>\n<meta property=\"og:description\" content=\"* Envie sua solicita\u00e7\u00e3o diretamente ao RH da Maquea Polpas. Preencha o formul\u00e1rio, anexe seu curriculum vitae nos tipos doc, docx ou pdf e envie sua [&hellip;]\" \/>\n<meta property=\"og:url\" content=\"https:\/\/www.maqueapolpas.com.br\/site\/trabalhe-conosco\/\" \/>\n<meta property=\"og:site_name\" content=\"Maquea Polpas\" \/>\n<meta property=\"article:modified_time\" content=\"2013-11-25T16:59:15+00:00\" \/>\n<meta property=\"og:image\" content=\"http:\/\/www.maqueapolpas.com.br\/site\/wp-content\/uploads\/2013\/11\/maquea_polpas_trabalhe_conoscol.png\" \/>\n<meta name=\"twitter:card\" content=\"summary_large_image\" \/>\n<script type=\"application\/ld+json\" class=\"yoast-schema-graph\">{\"@context\":\"https:\/\/schema.org\",\"@graph\":[{\"@type\":\"WebPage\",\"@id\":\"https:\/\/www.maqueapolpas.com.br\/site\/trabalhe-conosco\/\",\"url\":\"https:\/\/www.maqueapolpas.com.br\/site\/trabalhe-conosco\/\",\"name\":\"Trabalhe Conosco - Maquea Polpas\",\"isPartOf\":{\"@id\":\"https:\/\/www.maqueapolpas.com.br\/site\/#website\"},\"datePublished\":\"2013-11-21T18:20:36+00:00\",\"dateModified\":\"2013-11-25T16:59:15+00:00\",\"breadcrumb\":{\"@id\":\"https:\/\/www.maqueapolpas.com.br\/site\/trabalhe-conosco\/#breadcrumb\"},\"inLanguage\":\"pt-BR\",\"potentialAction\":[{\"@type\":\"ReadAction\",\"target\":[\"https:\/\/www.maqueapolpas.com.br\/site\/trabalhe-conosco\/\"]}]},{\"@type\":\"BreadcrumbList\",\"@id\":\"https:\/\/www.maqueapolpas.com.br\/site\/trabalhe-conosco\/#breadcrumb\",\"itemListElement\":[{\"@type\":\"ListItem\",\"position\":1,\"name\":\"In\u00edcio\",\"item\":\"https:\/\/www.maqueapolpas.com.br\/site\/\"},{\"@type\":\"ListItem\",\"position\":2,\"name\":\"Trabalhe Conosco\"}]},{\"@type\":\"WebSite\",\"@id\":\"https:\/\/www.maqueapolpas.com.br\/site\/#website\",\"url\":\"https:\/\/www.maqueapolpas.com.br\/site\/\",\"name\":\"Maquea Polpas\",\"description\":\"O melhor da polpa de frutas!\",\"potentialAction\":[{\"@type\":\"SearchAction\",\"target\":{\"@type\":\"EntryPoint\",\"urlTemplate\":\"https:\/\/www.maqueapolpas.com.br\/site\/?s={search_term_string}\"},\"query-input\":\"required name=search_term_string\"}],\"inLanguage\":\"pt-BR\"}]}<\/script>\n<!-- \/ Yoast SEO plugin. -->","yoast_head_json":{"title":"Trabalhe Conosco - Maquea Polpas","robots":{"index":"index","follow":"follow","max-snippet":"max-snippet:-1","max-image-preview":"max-image-preview:large","max-video-preview":"max-video-preview:-1"},"canonical":"https:\/\/www.maqueapolpas.com.br\/site\/trabalhe-conosco\/","og_locale":"pt_BR","og_type":"article","og_title":"Trabalhe Conosco - Maquea Polpas","og_description":"* Envie sua solicita\u00e7\u00e3o diretamente ao RH da Maquea Polpas. Preencha o formul\u00e1rio, anexe seu curriculum vitae nos tipos doc, docx ou pdf e envie sua [&hellip;]","og_url":"https:\/\/www.maqueapolpas.com.br\/site\/trabalhe-conosco\/","og_site_name":"Maquea Polpas","article_modified_time":"2013-11-25T16:59:15+00:00","og_image":[{"url":"http:\/\/www.maqueapolpas.com.br\/site\/wp-content\/uploads\/2013\/11\/maquea_polpas_trabalhe_conoscol.png"}],"twitter_card":"summary_large_image","schema":{"@context":"https:\/\/schema.org","@graph":[{"@type":"WebPage","@id":"https:\/\/www.maqueapolpas.com.br\/site\/trabalhe-conosco\/","url":"https:\/\/www.maqueapolpas.com.br\/site\/trabalhe-conosco\/","name":"Trabalhe Conosco - Maquea Polpas","isPartOf":{"@id":"https:\/\/www.maqueapolpas.com.br\/site\/#website"},"datePublished":"2013-11-21T18:20:36+00:00","dateModified":"2013-11-25T16:59:15+00:00","breadcrumb":{"@id":"https:\/\/www.maqueapolpas.com.br\/site\/trabalhe-conosco\/#breadcrumb"},"inLanguage":"pt-BR","potentialAction":[{"@type":"ReadAction","target":["https:\/\/www.maqueapolpas.com.br\/site\/trabalhe-conosco\/"]}]},{"@type":"BreadcrumbList","@id":"https:\/\/www.maqueapolpas.com.br\/site\/trabalhe-conosco\/#breadcrumb","itemListElement":[{"@type":"ListItem","position":1,"name":"In\u00edcio","item":"https:\/\/www.maqueapolpas.com.br\/site\/"},{"@type":"ListItem","position":2,"name":"Trabalhe Conosco"}]},{"@type":"WebSite","@id":"https:\/\/www.maqueapolpas.com.br\/site\/#website","url":"https:\/\/www.maqueapolpas.com.br\/site\/","name":"Maquea Polpas","description":"O melhor da polpa de frutas!","potentialAction":[{"@type":"SearchAction","target":{"@type":"EntryPoint","urlTemplate":"https:\/\/www.maqueapolpas.com.br\/site\/?s={search_term_string}"},"query-input":"required name=search_term_string"}],"inLanguage":"pt-BR"}]}},"_links":{"self":[{"href":"https:\/\/www.maqueapolpas.com.br\/site\/wp-json\/wp\/v2\/pages\/14"}],"collection":[{"href":"https:\/\/www.maqueapolpas.com.br\/site\/wp-json\/wp\/v2\/pages"}],"about":[{"href":"https:\/\/www.maqueapolpas.com.br\/site\/wp-json\/wp\/v2\/types\/page"}],"author":[{"embeddable":true,"href":"https:\/\/www.maqueapolpas.com.br\/site\/wp-json\/wp\/v2\/users\/1"}],"replies":[{"embeddable":true,"href":"https:\/\/www.maqueapolpas.com.br\/site\/wp-json\/wp\/v2\/comments?post=14"}],"version-history":[{"count":5,"href":"https:\/\/www.maqueapolpas.com.br\/site\/wp-json\/wp\/v2\/pages\/14\/revisions"}],"predecessor-version":[{"id":134,"href":"https:\/\/www.maqueapolpas.com.br\/site\/wp-json\/wp\/v2\/pages\/14\/revisions\/134"}],"wp:attachment":[{"href":"https:\/\/www.maqueapolpas.com.br\/site\/wp-json\/wp\/v2\/media?parent=14"}],"curies":[{"name":"wp","href":"https:\/\/api.w.org\/{rel}","templated":true}]}}